{"id":1497,"date":"2017-10-26T16:35:48","date_gmt":"2017-10-26T14:35:48","guid":{"rendered":"https:\/\/www.coviro.it\/de\/?page_id=1497"},"modified":"2022-10-31T15:13:31","modified_gmt":"2022-10-31T14:13:31","slug":"nandi","status":"publish","type":"page","link":"https:\/\/www.coviro.it\/de\/nandi\/","title":{"rendered":"Nandi"},"content":{"rendered":"<p>[et_pb_section bb_built=&#8221;1&#8243; specialty=&#8221;on&#8221; _builder_version=&#8221;3.19.17&#8243;][et_pb_column type=&#8221;3_4&#8243; specialty_columns=&#8221;3&#8243;][et_pb_row_inner admin_label=&#8221;Riga&#8221; _builder_version=&#8221;3.19.17&#8243; module_id=&#8221;margineriga&#8221;][et_pb_column_inner type=&#8221;1_2&#8243; saved_specialty_column_type=&#8221;3_4&#8243;][et_pb_text admin_label=&#8221;Immagine&#8221; _builder_version=&#8221;3.0.105&#8243; background_layout=&#8221;light&#8221; module_id=&#8221;immagineprodotto&#8221; header_text_align=&#8221;left&#8221;]<\/p>\n<p>\n<img src=\"https:\/\/www.coviro.it\/de\/wp-content\/uploads\/nandi_web-2.jpg\" alt=\"Nandi id=\" \/><\/p>\n<p>[\/et_pb_text][et_pb_post_title admin_label=&#8221;Titolo del Post (nascosto x generare TAG H1)&#8221; _builder_version=&#8221;3.19.17&#8243; author=&#8221;off&#8221; date=&#8221;off&#8221; categories=&#8221;off&#8221; comments=&#8221;off&#8221; featured_image=&#8221;off&#8221; title_text_color=&#8221;#ffffff&#8221; saved_tabs=&#8221;all&#8221; \/][\/et_pb_column_inner][et_pb_column_inner type=&#8221;1_2&#8243; saved_specialty_column_type=&#8221;3_4&#8243;][et_pb_text admin_label=&#8221;Variet\u00e0&#8221; _builder_version=&#8221;3.19.17&#8243; text_font=&#8221;|||on|||||&#8221; text_text_color=&#8221;#0ce509&#8243; text_font_size=&#8221;18px&#8221; module_id=&#8221;varietaprodotto&#8221;]<\/p>\nNANDI*\n<p>[\/et_pb_text][et_pb_text admin_label=&#8221;Brevetto&#8221; _builder_version=&#8221;3.19.17&#8243; border_style=&#8221;solid&#8221; text_font=&#8221;||on||&#8221; border_color=&#8221;#232323&#8243; border_width=&#8221;2px&#8221; module_alignment=&#8221;center&#8221; module_id=&#8221;brevettoprodotto&#8221;]<\/p>\nBrevetto Europeo n\u00b0 51386\n<p>[\/et_pb_text][et_pb_text _builder_version=&#8221;3.19.17&#8243; background_layout=&#8221;light&#8221; border_style=&#8221;solid&#8221; module_id=&#8221;descrizioneprodotto&#8221;]<\/p>\nNeue, mittelfr\u00fche Sorte aus Italien mit hohem K\u00e4ltebedarf. Starkw\u00fcchsige, robuste <strong>PFLANZE<\/strong> von guter Widerstandsf\u00e4higkeit gegen Erkrankungen der Bl\u00e4tter und Wurzeln. Das Bl\u00fctenwachstum ist ebenso \u00fcppig wie der Fruchtertrag. Die <strong>FR\u00dcCHTE<\/strong> sind l\u00e4nglich-kegelf\u00f6rmig und besitzen ein gl\u00e4nzend rotes <strong>FRUCHTFLEISCH<\/strong> von hervorragender Konsistenz. Die Fr\u00fcchte sind einheitlich gro\u00df, von sehr hoher geschmacklicher Qualit\u00e4t und besitzen ein herrliches Aroma. Die Sorte eignet sich f\u00fcr den biologischen und\/oder umweltschonenden Anbau dank ihrer hohen Wuchskraft und Robustheit. Sie eignet sich f\u00fcr Frigopflanzen und getopfte Gr\u00fcnpflanzen.\n<p>[\/et_pb_text][\/et_pb_column_inner][\/et_pb_row_inner][\/et_pb_column][et_pb_column type=&#8221;1_4&#8243;][et_pb_sidebar _builder_version=&#8221;3.19.17&#8243; area=&#8221;et_pb_widget_area_3&#8243; orientation=&#8221;right&#8221; show_border=&#8221;on&#8221; background_layout=&#8221;light&#8221; text_orientation=&#8221;left&#8221; header_font=&#8221;Open Sans|on|||&#8221; header_text_color=&#8221;#e04b43&#8243; header_font_size=&#8221;16&#8243; header_letter_spacing=&#8221;2px&#8221; body_text_align=&#8221;left&#8221; header_text_align=&#8221;center&#8221; module_id=&#8221;barraprodotti&#8221; disabled=&#8221;off&#8221; disabled_on=&#8221;off|off|&#8221; \/][\/et_pb_column][\/et_pb_section]<\/p>\n","protected":false},"excerpt":{"rendered":"<p>[et_pb_section bb_built=&#8221;1&#8243; specialty=&#8221;on&#8221; _builder_version=&#8221;3.19.17&#8243;][et_pb_column type=&#8221;3_4&#8243; specialty_columns=&#8221;3&#8243;][et_pb_row_inner admin_label=&#8221;Riga&#8221; _builder_version=&#8221;3.19.17&#8243; module_id=&#8221;margineriga&#8221;][et_pb_column_inner type=&#8221;1_2&#8243; saved_specialty_column_type=&#8221;3_4&#8243;][et_pb_text admin_label=&#8221;Immagine&#8221; _builder_version=&#8221;3.0.105&#8243; background_layout=&#8221;light&#8221; module_id=&#8221;immagineprodotto&#8221; header_text_align=&#8221;left&#8221;] [\/et_pb_text][et_pb_post_title admin_label=&#8221;Titolo del Post (nascosto x generare TAG H1)&#8221; _builder_version=&#8221;3.19.17&#8243; author=&#8221;off&#8221; date=&#8221;off&#8221; categories=&#8221;off&#8221; comments=&#8221;off&#8221; featured_image=&#8221;off&#8221; title_text_color=&#8221;#ffffff&#8221; saved_tabs=&#8221;all&#8221; \/][\/et_pb_column_inner][et_pb_column_inner type=&#8221;1_2&#8243; saved_specialty_column_type=&#8221;3_4&#8243;][et_pb_text admin_label=&#8221;Variet\u00e0&#8221; _builder_version=&#8221;3.19.17&#8243; text_font=&#8221;|||on|||||&#8221; text_text_color=&#8221;#0ce509&#8243; text_font_size=&#8221;18px&#8221; module_id=&#8221;varietaprodotto&#8221;] [\/et_pb_text][et_pb_text admin_label=&#8221;Brevetto&#8221; _builder_version=&#8221;3.19.17&#8243; border_style=&#8221;solid&#8221; text_font=&#8221;||on||&#8221; border_color=&#8221;#232323&#8243; border_width=&#8221;2px&#8221; module_alignment=&#8221;center&#8221; module_id=&#8221;brevettoprodotto&#8221;] [\/et_pb_text][et_pb_text _builder_version=&#8221;3.19.17&#8243; background_layout=&#8221;light&#8221; border_style=&#8221;solid&#8221; [&hellip;]<\/p>\n","protected":false},"author":1,"featured_media":0,"parent":0,"menu_order":120,"comment_status":"closed","ping_status":"closed","template":"","meta":{"_et_pb_use_builder":"on","_et_pb_old_content":""},"acf":[],"_links":{"self":[{"href":"https:\/\/www.coviro.it\/de\/wp-json\/wp\/v2\/pages\/1497"}],"collection":[{"href":"https:\/\/www.coviro.it\/de\/wp-json\/wp\/v2\/pages"}],"about":[{"href":"https:\/\/www.coviro.it\/de\/wp-json\/wp\/v2\/types\/page"}],"author":[{"embeddable":true,"href":"https:\/\/www.coviro.it\/de\/wp-json\/wp\/v2\/users\/1"}],"replies":[{"embeddable":true,"href":"https:\/\/www.coviro.it\/de\/wp-json\/wp\/v2\/comments?post=1497"}],"version-history":[{"count":3,"href":"https:\/\/www.coviro.it\/de\/wp-json\/wp\/v2\/pages\/1497\/revisions"}],"predecessor-version":[{"id":9585,"href":"https:\/\/www.coviro.it\/de\/wp-json\/wp\/v2\/pages\/1497\/revisions\/9585"}],"wp:attachment":[{"href":"https:\/\/www.coviro.it\/de\/wp-json\/wp\/v2\/media?parent=1497"}],"curies":[{"name":"wp","href":"https:\/\/api.w.org\/{rel}","templated":true}]}}