{"id":15048,"date":"2025-05-19T16:33:52","date_gmt":"2025-05-19T14:33:52","guid":{"rendered":"https:\/\/www.coviro.it\/de\/?page_id=15048"},"modified":"2025-05-19T16:48:13","modified_gmt":"2025-05-19T14:48:13","slug":"alturas","status":"publish","type":"page","link":"https:\/\/www.coviro.it\/de\/alturas\/","title":{"rendered":"Alturas"},"content":{"rendered":"<p>[et_pb_section bb_built=&#8221;1&#8243; specialty=&#8221;on&#8221; _builder_version=&#8221;3.19.17&#8243;][et_pb_column type=&#8221;3_4&#8243; specialty_columns=&#8221;3&#8243;][et_pb_row_inner admin_label=&#8221;Riga&#8221; _builder_version=&#8221;3.19.17&#8243; custom_margin=&#8221;-50px|||&#8221;][et_pb_column_inner type=&#8221;1_2&#8243; saved_specialty_column_type=&#8221;3_4&#8243;][et_pb_text admin_label=&#8221;Immagine&#8221; _builder_version=&#8221;3.0.105&#8243; background_layout=&#8221;light&#8221; module_id=&#8221;immagineprodotto&#8221; header_text_align=&#8221;left&#8221;]<\/p>\n<p>\n<img src=\"https:\/\/www.coviro.it\/de\/wp-content\/uploads\/cata_ALTURAS_coviro24.jpg\" alt=\"Alturas id=\" \/><\/p>\n<p>[\/et_pb_text][et_pb_post_title _builder_version=&#8221;3.19.17&#8243; meta=&#8221;off&#8221; featured_image=&#8221;off&#8221; title_text_color=&#8221;#ffffff&#8221; \/][\/et_pb_column_inner][et_pb_column_inner type=&#8221;1_2&#8243; saved_specialty_column_type=&#8221;3_4&#8243;][et_pb_text admin_label=&#8221;Variet\u00e0&#8221; _builder_version=&#8221;3.19.17&#8243; text_font=&#8221;|||on|||||&#8221; text_text_color=&#8221;#0ce509&#8243; text_font_size=&#8221;18px&#8221; module_id=&#8221;varietaprodotto&#8221;]<\/p>\n<p>\n<img src=\"https:\/\/www.coviro.it\/de\/wp-content\/uploads\/NEW-1.jpg\" alt=\"Alturas\" \/> CBC017* | Alturas<\/p>\n<p>[\/et_pb_text][et_pb_text admin_label=&#8221;Brevetto&#8221; _builder_version=&#8221;3.19.17&#8243; border_style=&#8221;solid&#8221; text_font=&#8221;||on||&#8221; border_color=&#8221;#232323&#8243; border_width=&#8221;2px&#8221; module_alignment=&#8221;center&#8221; module_id=&#8221;brevettoprodotto&#8221;]<\/p>\nDomanda di Brevetto Europeo n.2024\/2322\n<p>[\/et_pb_text][et_pb_text _builder_version=&#8221;3.19.17&#8243; background_layout=&#8221;light&#8221; border_style=&#8221;solid&#8221; module_id=&#8221;descrizioneprodotto&#8221;]<\/p>\nNeue kalifornische tagneutrale Sorte, ideal f\u00fcr eine kontinuierliche Produktion in hoher Qualit\u00e4t. Die <strong>PFLANZE<\/strong> zeigt guten Wuchs, gleichm\u00e4\u00dfigen Ertrag und eine ausgezeichnete Resistenz gegen Fusarium. Die <strong>FRUCHT<\/strong> ist gro\u00df, kegelf\u00f6rmig, leuchtend rot und sehr fest. Sie \u00fcberzeugt durch ihre lange Haltbarkeit sowie durch ihr <strong>FRUCHTFLEISCH<\/strong> mit ausgezeichnetem Geschmack, hohem Brix-Wert und intensiver Farbe. Hoher Ertrag pro Pflanze und einfache Ernte. Geeignet sowohl f\u00fcr den Einsatz von Frigopflanzen als auch von getopften Gr\u00fcnpflanzen.\n<p>[\/et_pb_text][\/et_pb_column_inner][\/et_pb_row_inner][\/et_pb_column][et_pb_column type=&#8221;1_4&#8243;][et_pb_sidebar _builder_version=&#8221;3.19.17&#8243; area=&#8221;et_pb_widget_area_3&#8243; orientation=&#8221;right&#8221; show_border=&#8221;on&#8221; background_layout=&#8221;light&#8221; text_orientation=&#8221;left&#8221; header_font=&#8221;Open Sans|on|||&#8221; header_text_color=&#8221;#e04b43&#8243; header_font_size=&#8221;16&#8243; header_letter_spacing=&#8221;2px&#8221; body_text_align=&#8221;left&#8221; header_text_align=&#8221;center&#8221; module_id=&#8221;barraprodotti&#8221; disabled=&#8221;off&#8221; disabled_on=&#8221;off|off|&#8221; \/][\/et_pb_column][\/et_pb_section]<\/p>\n","protected":false},"excerpt":{"rendered":"<p>[et_pb_section bb_built=&#8221;1&#8243; specialty=&#8221;on&#8221; _builder_version=&#8221;3.19.17&#8243;][et_pb_column type=&#8221;3_4&#8243; specialty_columns=&#8221;3&#8243;][et_pb_row_inner admin_label=&#8221;Riga&#8221; _builder_version=&#8221;3.19.17&#8243; custom_margin=&#8221;-50px|||&#8221;][et_pb_column_inner type=&#8221;1_2&#8243; saved_specialty_column_type=&#8221;3_4&#8243;][et_pb_text admin_label=&#8221;Immagine&#8221; _builder_version=&#8221;3.0.105&#8243; background_layout=&#8221;light&#8221; module_id=&#8221;immagineprodotto&#8221; header_text_align=&#8221;left&#8221;] [\/et_pb_text][et_pb_post_title _builder_version=&#8221;3.19.17&#8243; meta=&#8221;off&#8221; featured_image=&#8221;off&#8221; title_text_color=&#8221;#ffffff&#8221; \/][\/et_pb_column_inner][et_pb_column_inner type=&#8221;1_2&#8243; saved_specialty_column_type=&#8221;3_4&#8243;][et_pb_text admin_label=&#8221;Variet\u00e0&#8221; _builder_version=&#8221;3.19.17&#8243; text_font=&#8221;|||on|||||&#8221; text_text_color=&#8221;#0ce509&#8243; text_font_size=&#8221;18px&#8221; module_id=&#8221;varietaprodotto&#8221;] [\/et_pb_text][et_pb_text admin_label=&#8221;Brevetto&#8221; _builder_version=&#8221;3.19.17&#8243; border_style=&#8221;solid&#8221; text_font=&#8221;||on||&#8221; border_color=&#8221;#232323&#8243; border_width=&#8221;2px&#8221; module_alignment=&#8221;center&#8221; module_id=&#8221;brevettoprodotto&#8221;] [\/et_pb_text][et_pb_text _builder_version=&#8221;3.19.17&#8243; background_layout=&#8221;light&#8221; border_style=&#8221;solid&#8221; module_id=&#8221;descrizioneprodotto&#8221;] [\/et_pb_text][\/et_pb_column_inner][\/et_pb_row_inner][\/et_pb_column][et_pb_column type=&#8221;1_4&#8243;][et_pb_sidebar _builder_version=&#8221;3.19.17&#8243; area=&#8221;et_pb_widget_area_3&#8243; orientation=&#8221;right&#8221; show_border=&#8221;on&#8221; background_layout=&#8221;light&#8221; text_orientation=&#8221;left&#8221; header_font=&#8221;Open Sans|on|||&#8221; header_text_color=&#8221;#e04b43&#8243; [&hellip;]<\/p>\n","protected":false},"author":1,"featured_media":0,"parent":0,"menu_order":10,"comment_status":"closed","ping_status":"closed","template":"","meta":{"_et_pb_use_builder":"on","_et_pb_old_content":""},"acf":[],"_links":{"self":[{"href":"https:\/\/www.coviro.it\/de\/wp-json\/wp\/v2\/pages\/15048"}],"collection":[{"href":"https:\/\/www.coviro.it\/de\/wp-json\/wp\/v2\/pages"}],"about":[{"href":"https:\/\/www.coviro.it\/de\/wp-json\/wp\/v2\/types\/page"}],"author":[{"embeddable":true,"href":"https:\/\/www.coviro.it\/de\/wp-json\/wp\/v2\/users\/1"}],"replies":[{"embeddable":true,"href":"https:\/\/www.coviro.it\/de\/wp-json\/wp\/v2\/comments?post=15048"}],"version-history":[{"count":3,"href":"https:\/\/www.coviro.it\/de\/wp-json\/wp\/v2\/pages\/15048\/revisions"}],"predecessor-version":[{"id":15063,"href":"https:\/\/www.coviro.it\/de\/wp-json\/wp\/v2\/pages\/15048\/revisions\/15063"}],"wp:attachment":[{"href":"https:\/\/www.coviro.it\/de\/wp-json\/wp\/v2\/media?parent=15048"}],"curies":[{"name":"wp","href":"https:\/\/api.w.org\/{rel}","templated":true}]}}