{"id":3664,"date":"2020-04-20T17:07:17","date_gmt":"2020-04-20T15:07:17","guid":{"rendered":"https:\/\/www.coviro.it\/de\/?page_id=3664"},"modified":"2022-10-31T15:14:49","modified_gmt":"2022-10-31T14:14:49","slug":"bl42","status":"publish","type":"page","link":"https:\/\/www.coviro.it\/de\/bl42\/","title":{"rendered":"BL42"},"content":{"rendered":"<p>[et_pb_section bb_built=&#8221;1&#8243; fullwidth=&#8221;off&#8221; specialty=&#8221;on&#8221; _builder_version=&#8221;3.0.80&#8243;][et_pb_column type=&#8221;3_4&#8243; specialty_columns=&#8221;3&#8243;][et_pb_row_inner admin_label=&#8221;Riga&#8221; _builder_version=&#8221;3.19.17&#8243; module_id=&#8221;margineriga&#8221;][et_pb_column_inner type=&#8221;1_2&#8243; saved_specialty_column_type=&#8221;3_4&#8243;][et_pb_text admin_label=&#8221;Immagine&#8221; _builder_version=&#8221;3.19.17&#8243; background_layout=&#8221;light&#8221; border_style=&#8221;solid&#8221; module_id=&#8221;immagineprodotto&#8221;]<\/p>\n<p>\n<img src=\"https:\/\/www.coviro.it\/de\/wp-content\/uploads\/BL42_web-2.jpg\" alt=\"BL42\"><\/p>\n<p>[\/et_pb_text][et_pb_post_title admin_label=&#8221;Titolo del Post (nascosto x generare TAG H1)&#8221; _builder_version=&#8221;3.19.17&#8243; author=&#8221;off&#8221; date=&#8221;off&#8221; categories=&#8221;off&#8221; comments=&#8221;off&#8221; featured_image=&#8221;off&#8221; title_text_color=&#8221;#ffffff&#8221; saved_tabs=&#8221;all&#8221; \/][\/et_pb_column_inner][et_pb_column_inner type=&#8221;1_2&#8243; saved_specialty_column_type=&#8221;3_4&#8243;][et_pb_text admin_label=&#8221;Berrylab&#8221; _builder_version=&#8221;3.19.17&#8243; module_id=&#8221;berrylab&#8221;]<\/p>\n<p><img src=\"https:\/\/www.coviro.it\/de\/wp-content\/uploads\/BL42.png\" alt=\"BL42\" \/><\/p>\n<p>[\/et_pb_text][et_pb_text admin_label=&#8221;Brevetto&#8221; _builder_version=&#8221;3.19.17&#8243; text_font=&#8221;||on||&#8221; module_alignment=&#8221;center&#8221; module_id=&#8221;brevettoberrylab&#8221;]<\/p>\nDomanda di Brevetto Europeo n\u00b0 2019\/0821\n<p>[\/et_pb_text][et_pb_text _builder_version=&#8221;3.0.80&#8243; background_layout=&#8221;light&#8221; border_style=&#8221;solid&#8221; module_id=&#8221;descrizioneprodotto&#8221;]<\/p>\nNeue einmaltragende, sp\u00e4te Sorte aus Italien, geeignet f\u00fcr Kontinentalklima. Robuste <strong>PFLANZE<\/strong> von durchschnittlicher Wuchskraft und mit gutem Ertrag. Die <strong>FRUCHT<\/strong> ist kegelf\u00f6rmig, regelm\u00e4\u00dfig, sch\u00f6n leuchtend rot und zeichnet sich durch ihre hervorragenden Eigenschaften bei Festigkeit, Geschmack und Gr\u00f6\u00dfe aus.\r\nAufgrund ihrer Eigenschaften eignet sie sich gut f\u00fcr den Freilandanbau, wo sie eine gute Widerstandsf\u00e4higkeit gegen Regen und Bodenpathogene zeigt. F\u00fcr den biologischen Anbau geeignet.\n<p>[\/et_pb_text][\/et_pb_column_inner][\/et_pb_row_inner][\/et_pb_column][et_pb_column type=&#8221;1_4&#8243;][et_pb_sidebar _builder_version=&#8221;3.0.105&#8243; area=&#8221;et_pb_widget_area_3&#8243; orientation=&#8221;right&#8221; show_border=&#8221;on&#8221; background_layout=&#8221;light&#8221; text_orientation=&#8221;left&#8221; header_font=&#8221;Open Sans|on|||&#8221; header_text_color=&#8221;#e04b43&#8243; header_font_size=&#8221;16&#8243; header_letter_spacing=&#8221;2px&#8221; body_text_align=&#8221;left&#8221; header_text_align=&#8221;center&#8221; module_id=&#8221;barraprodotti&#8221; \/][\/et_pb_column][\/et_pb_section]<\/p>\n","protected":false},"excerpt":{"rendered":"<p>[et_pb_section bb_built=&#8221;1&#8243; fullwidth=&#8221;off&#8221; specialty=&#8221;on&#8221; _builder_version=&#8221;3.0.80&#8243;][et_pb_column type=&#8221;3_4&#8243; specialty_columns=&#8221;3&#8243;][et_pb_row_inner admin_label=&#8221;Riga&#8221; _builder_version=&#8221;3.19.17&#8243; module_id=&#8221;margineriga&#8221;][et_pb_column_inner type=&#8221;1_2&#8243; saved_specialty_column_type=&#8221;3_4&#8243;][et_pb_text admin_label=&#8221;Immagine&#8221; _builder_version=&#8221;3.19.17&#8243; background_layout=&#8221;light&#8221; border_style=&#8221;solid&#8221; module_id=&#8221;immagineprodotto&#8221;] [\/et_pb_text][et_pb_post_title admin_label=&#8221;Titolo del Post (nascosto x generare TAG H1)&#8221; _builder_version=&#8221;3.19.17&#8243; author=&#8221;off&#8221; date=&#8221;off&#8221; categories=&#8221;off&#8221; comments=&#8221;off&#8221; featured_image=&#8221;off&#8221; title_text_color=&#8221;#ffffff&#8221; saved_tabs=&#8221;all&#8221; \/][\/et_pb_column_inner][et_pb_column_inner type=&#8221;1_2&#8243; saved_specialty_column_type=&#8221;3_4&#8243;][et_pb_text admin_label=&#8221;Berrylab&#8221; _builder_version=&#8221;3.19.17&#8243; module_id=&#8221;berrylab&#8221;] [\/et_pb_text][et_pb_text admin_label=&#8221;Brevetto&#8221; _builder_version=&#8221;3.19.17&#8243; text_font=&#8221;||on||&#8221; module_alignment=&#8221;center&#8221; module_id=&#8221;brevettoberrylab&#8221;] [\/et_pb_text][et_pb_text _builder_version=&#8221;3.0.80&#8243; background_layout=&#8221;light&#8221; border_style=&#8221;solid&#8221; module_id=&#8221;descrizioneprodotto&#8221;] [\/et_pb_text][\/et_pb_column_inner][\/et_pb_row_inner][\/et_pb_column][et_pb_column type=&#8221;1_4&#8243;][et_pb_sidebar _builder_version=&#8221;3.0.105&#8243; area=&#8221;et_pb_widget_area_3&#8243; [&hellip;]<\/p>\n","protected":false},"author":1,"featured_media":0,"parent":0,"menu_order":151,"comment_status":"closed","ping_status":"closed","template":"","meta":{"_et_pb_use_builder":"on","_et_pb_old_content":""},"acf":[],"_links":{"self":[{"href":"https:\/\/www.coviro.it\/de\/wp-json\/wp\/v2\/pages\/3664"}],"collection":[{"href":"https:\/\/www.coviro.it\/de\/wp-json\/wp\/v2\/pages"}],"about":[{"href":"https:\/\/www.coviro.it\/de\/wp-json\/wp\/v2\/types\/page"}],"author":[{"embeddable":true,"href":"https:\/\/www.coviro.it\/de\/wp-json\/wp\/v2\/users\/1"}],"replies":[{"embeddable":true,"href":"https:\/\/www.coviro.it\/de\/wp-json\/wp\/v2\/comments?post=3664"}],"version-history":[{"count":6,"href":"https:\/\/www.coviro.it\/de\/wp-json\/wp\/v2\/pages\/3664\/revisions"}],"predecessor-version":[{"id":9587,"href":"https:\/\/www.coviro.it\/de\/wp-json\/wp\/v2\/pages\/3664\/revisions\/9587"}],"wp:attachment":[{"href":"https:\/\/www.coviro.it\/de\/wp-json\/wp\/v2\/media?parent=3664"}],"curies":[{"name":"wp","href":"https:\/\/api.w.org\/{rel}","templated":true}]}}