{"id":8059,"date":"2022-08-01T12:28:11","date_gmt":"2022-08-01T10:28:11","guid":{"rendered":"https:\/\/www.coviro.it\/de\/?page_id=8059"},"modified":"2025-05-19T17:08:58","modified_gmt":"2025-05-19T15:08:58","slug":"bl72r","status":"publish","type":"page","link":"https:\/\/www.coviro.it\/de\/bl72r\/","title":{"rendered":"Bl72R"},"content":{"rendered":"<p>[et_pb_section bb_built=&#8221;1&#8243; fullwidth=&#8221;off&#8221; specialty=&#8221;on&#8221; _builder_version=&#8221;3.0.80&#8243;][et_pb_column type=&#8221;3_4&#8243; specialty_columns=&#8221;3&#8243;][et_pb_row_inner admin_label=&#8221;Riga&#8221; _builder_version=&#8221;3.19.17&#8243; custom_margin=&#8221;-50px|||&#8221;][et_pb_column_inner type=&#8221;1_2&#8243; saved_specialty_column_type=&#8221;3_4&#8243;][et_pb_text admin_label=&#8221;Immagine&#8221; _builder_version=&#8221;3.19.17&#8243; background_layout=&#8221;light&#8221; border_style=&#8221;solid&#8221; module_id=&#8221;immagineprodotto&#8221;]<\/p>\n<p>\n<img src=\"https:\/\/www.coviro.it\/de\/wp-content\/uploads\/NEW_dulcinea_web.jpg\" alt=\"Bl72R\"><\/p>\n<p>[\/et_pb_text][et_pb_post_title _builder_version=&#8221;3.19.17&#8243; meta=&#8221;off&#8221; featured_image=&#8221;off&#8221; title_text_color=&#8221;#ffffff&#8221; \/][\/et_pb_column_inner][et_pb_column_inner type=&#8221;1_2&#8243; saved_specialty_column_type=&#8221;3_4&#8243;][et_pb_text admin_label=&#8221;Berrylab&#8221; _builder_version=&#8221;3.19.17&#8243; module_id=&#8221;berrylab&#8221;]<\/p>\n<p>\n<img src=\"https:\/\/www.coviro.it\/de\/wp-content\/uploads\/BL72R_2023.png\" alt=\"Bl72R\" \/><\/p>\n<p>[\/et_pb_text][et_pb_text admin_label=&#8221;Brevetto&#8221; _builder_version=&#8221;3.19.17&#8243; text_font=&#8221;||on||&#8221; module_alignment=&#8221;center&#8221; module_id=&#8221;brevettoberrylab&#8221;]<\/p>\nDomanda di Brevetto Europeo n\u00b0 2021\/2207\n<p>[\/et_pb_text][et_pb_text _builder_version=&#8221;3.0.80&#8243; background_layout=&#8221;light&#8221; border_style=&#8221;solid&#8221; module_id=&#8221;descrizioneprodotto&#8221;]<\/p>\nNeue fr\u00fche Sorte, geeignet f\u00fcr Mittelmeerklima. <strong>PFLANZE<\/strong> mit robuster, guter Wuchskraft und \u00e4u\u00dferst guter Widerstandskraft gegen diverse Wurzelerkrankungen. Die FR\u00dcCHTE sind mittelgro\u00df, kegelf\u00f6rmig, von gl\u00e4nzend roter Farbe und ohne Einbuchtungen im Inneren. Das <strong>FRUCHTFLEISCH<\/strong> ist hervorragend in Farbe und Geschmack. Der Ernteertrag pro Pflanze ist gut. Sorte geeignet sowohl f\u00fcr den Einsatz von Frigopflanzen, wurzelnackten Gr\u00fcnpflanzen bei Umpflanzung im Oktober sowie f\u00fcr getopfte Gr\u00fcnpflanzen, wo sie besonders fr\u00fch reift.\n<p>[\/et_pb_text][\/et_pb_column_inner][\/et_pb_row_inner][\/et_pb_column][et_pb_column type=&#8221;1_4&#8243;][et_pb_sidebar _builder_version=&#8221;3.0.105&#8243; area=&#8221;et_pb_widget_area_3&#8243; orientation=&#8221;right&#8221; show_border=&#8221;on&#8221; background_layout=&#8221;light&#8221; text_orientation=&#8221;left&#8221; header_font=&#8221;Open Sans|on|||&#8221; header_text_color=&#8221;#e04b43&#8243; header_font_size=&#8221;16&#8243; header_letter_spacing=&#8221;2px&#8221; body_text_align=&#8221;left&#8221; header_text_align=&#8221;center&#8221; module_id=&#8221;barraprodotti&#8221; \/][\/et_pb_column][\/et_pb_section]<\/p>\n","protected":false},"excerpt":{"rendered":"<p>[et_pb_section bb_built=&#8221;1&#8243; fullwidth=&#8221;off&#8221; specialty=&#8221;on&#8221; _builder_version=&#8221;3.0.80&#8243;][et_pb_column type=&#8221;3_4&#8243; specialty_columns=&#8221;3&#8243;][et_pb_row_inner admin_label=&#8221;Riga&#8221; _builder_version=&#8221;3.19.17&#8243; custom_margin=&#8221;-50px|||&#8221;][et_pb_column_inner type=&#8221;1_2&#8243; saved_specialty_column_type=&#8221;3_4&#8243;][et_pb_text admin_label=&#8221;Immagine&#8221; _builder_version=&#8221;3.19.17&#8243; background_layout=&#8221;light&#8221; border_style=&#8221;solid&#8221; module_id=&#8221;immagineprodotto&#8221;] [\/et_pb_text][et_pb_post_title _builder_version=&#8221;3.19.17&#8243; meta=&#8221;off&#8221; featured_image=&#8221;off&#8221; title_text_color=&#8221;#ffffff&#8221; \/][\/et_pb_column_inner][et_pb_column_inner type=&#8221;1_2&#8243; saved_specialty_column_type=&#8221;3_4&#8243;][et_pb_text admin_label=&#8221;Berrylab&#8221; _builder_version=&#8221;3.19.17&#8243; module_id=&#8221;berrylab&#8221;] [\/et_pb_text][et_pb_text admin_label=&#8221;Brevetto&#8221; _builder_version=&#8221;3.19.17&#8243; text_font=&#8221;||on||&#8221; module_alignment=&#8221;center&#8221; module_id=&#8221;brevettoberrylab&#8221;] [\/et_pb_text][et_pb_text _builder_version=&#8221;3.0.80&#8243; background_layout=&#8221;light&#8221; border_style=&#8221;solid&#8221; module_id=&#8221;descrizioneprodotto&#8221;] [\/et_pb_text][\/et_pb_column_inner][\/et_pb_row_inner][\/et_pb_column][et_pb_column type=&#8221;1_4&#8243;][et_pb_sidebar _builder_version=&#8221;3.0.105&#8243; area=&#8221;et_pb_widget_area_3&#8243; orientation=&#8221;right&#8221; show_border=&#8221;on&#8221; background_layout=&#8221;light&#8221; text_orientation=&#8221;left&#8221; header_font=&#8221;Open Sans|on|||&#8221; header_text_color=&#8221;#e04b43&#8243; header_font_size=&#8221;16&#8243; header_letter_spacing=&#8221;2px&#8221; body_text_align=&#8221;left&#8221; header_text_align=&#8221;center&#8221; module_id=&#8221;barraprodotti&#8221; [&hellip;]<\/p>\n","protected":false},"author":1,"featured_media":0,"parent":0,"menu_order":80,"comment_status":"closed","ping_status":"closed","template":"","meta":{"_et_pb_use_builder":"on","_et_pb_old_content":""},"acf":[],"_links":{"self":[{"href":"https:\/\/www.coviro.it\/de\/wp-json\/wp\/v2\/pages\/8059"}],"collection":[{"href":"https:\/\/www.coviro.it\/de\/wp-json\/wp\/v2\/pages"}],"about":[{"href":"https:\/\/www.coviro.it\/de\/wp-json\/wp\/v2\/types\/page"}],"author":[{"embeddable":true,"href":"https:\/\/www.coviro.it\/de\/wp-json\/wp\/v2\/users\/1"}],"replies":[{"embeddable":true,"href":"https:\/\/www.coviro.it\/de\/wp-json\/wp\/v2\/comments?post=8059"}],"version-history":[{"count":9,"href":"https:\/\/www.coviro.it\/de\/wp-json\/wp\/v2\/pages\/8059\/revisions"}],"predecessor-version":[{"id":15071,"href":"https:\/\/www.coviro.it\/de\/wp-json\/wp\/v2\/pages\/8059\/revisions\/15071"}],"wp:attachment":[{"href":"https:\/\/www.coviro.it\/de\/wp-json\/wp\/v2\/media?parent=8059"}],"curies":[{"name":"wp","href":"https:\/\/api.w.org\/{rel}","templated":true}]}}