{"id":9402,"date":"2022-10-10T17:42:44","date_gmt":"2022-10-10T15:42:44","guid":{"rendered":"http:\/\/robertlover.synology.me\/coviro2022upd\/?page_id=9376"},"modified":"2022-10-31T15:15:38","modified_gmt":"2022-10-31T14:15:38","slug":"elodi","status":"publish","type":"page","link":"https:\/\/www.coviro.it\/de\/elodi\/","title":{"rendered":"Elodi"},"content":{"rendered":"<p>[et_pb_section bb_built=&#8221;1&#8243; specialty=&#8221;on&#8221; _builder_version=&#8221;3.19.17&#8243;][et_pb_column type=&#8221;3_4&#8243; specialty_columns=&#8221;3&#8243;][et_pb_row_inner admin_label=&#8221;Riga&#8221; _builder_version=&#8221;3.19.17&#8243; custom_margin=&#8221;-50px|||&#8221;][et_pb_column_inner type=&#8221;1_2&#8243; saved_specialty_column_type=&#8221;3_4&#8243;][et_pb_text admin_label=&#8221;Immagine&#8221; _builder_version=&#8221;3.0.105&#8243; background_layout=&#8221;light&#8221; module_id=&#8221;immagineprodotto&#8221; header_text_align=&#8221;left&#8221;]<\/p>\n<p>\n<img src=\"https:\/\/www.coviro.it\/de\/wp-content\/uploads\/elodi_contin.jpg\" alt=\"Elodi id=\" \/><\/p>\n<p>[\/et_pb_text][et_pb_post_title admin_label=&#8221;Titolo del Post (nascosto x generare TAG H1)&#8221; _builder_version=&#8221;3.19.17&#8243; author=&#8221;off&#8221; date=&#8221;off&#8221; categories=&#8221;off&#8221; comments=&#8221;off&#8221; featured_image=&#8221;off&#8221; title_text_color=&#8221;#ffffff&#8221; saved_tabs=&#8221;all&#8221; \/][\/et_pb_column_inner][et_pb_column_inner type=&#8221;1_2&#8243; saved_specialty_column_type=&#8221;3_4&#8243;][et_pb_text admin_label=&#8221;Variet\u00e0&#8221; _builder_version=&#8221;3.19.17&#8243; text_font=&#8221;|||on|||||&#8221; text_text_color=&#8221;#0ce509&#8243; text_font_size=&#8221;18px&#8221; module_id=&#8221;varietaprodotto&#8221;]<\/p>\n<p><img src=\"https:\/\/www.coviro.it\/de\/wp-content\/uploads\/NEW-1.jpg\" alt=\"Elodi\" \/> ELODI'<\/p>\n<p>[\/et_pb_text][et_pb_text admin_label=&#8221;Brevetto&#8221; _builder_version=&#8221;3.19.17&#8243; border_style=&#8221;solid&#8221; text_font=&#8221;||on||&#8221; border_color=&#8221;#232323&#8243; border_width=&#8221;2px&#8221; module_alignment=&#8221;center&#8221; module_id=&#8221;brevettoprodotto&#8221;]<\/p>\nDomanda di Brevetto Europeo n\u00b0 2022\/0856\n<p>[\/et_pb_text][et_pb_text _builder_version=&#8221;3.19.17&#8243; background_layout=&#8221;light&#8221; border_style=&#8221;solid&#8221; module_id=&#8221;descrizioneprodotto&#8221;]<\/p>\nDie <strong>PFLANZE<\/strong> ist von mittlerem Habitus und mittlerer bis hoher Wuchskraft. Die <strong>FR\u00dcCHTE<\/strong> sind mittelgro\u00df, gl\u00e4nzend rot und l\u00e4nglich-kegelf\u00f6rmig, wobei die Spitze der ersten Frucht noch etwas unregelm\u00e4\u00dfig geformt sein kann. Das <strong>FRUCHTFLEISCH<\/strong> ist sehr s\u00fc\u00df und fest, aromatisch und zeichnet sich durch ein hervorragendes Shelf-Life aus. Geeignet sowohl f\u00fcr Tunnelanbau als auch f\u00fcr Freilandanbau mit Frigopflanzen und getopften Gr\u00fcnpflanzen.\n<p>[\/et_pb_text][\/et_pb_column_inner][\/et_pb_row_inner][\/et_pb_column][et_pb_column type=&#8221;1_4&#8243;][et_pb_sidebar _builder_version=&#8221;3.19.17&#8243; area=&#8221;et_pb_widget_area_3&#8243; orientation=&#8221;right&#8221; show_border=&#8221;on&#8221; background_layout=&#8221;light&#8221; text_orientation=&#8221;left&#8221; header_font=&#8221;Open Sans|on|||&#8221; header_text_color=&#8221;#e04b43&#8243; header_font_size=&#8221;16&#8243; header_letter_spacing=&#8221;2px&#8221; body_text_align=&#8221;left&#8221; header_text_align=&#8221;center&#8221; module_id=&#8221;barraprodotti&#8221; disabled=&#8221;off&#8221; disabled_on=&#8221;off|off|&#8221; \/][\/et_pb_column][\/et_pb_section]<\/p>\n","protected":false},"excerpt":{"rendered":"<p>[et_pb_section bb_built=&#8221;1&#8243; specialty=&#8221;on&#8221; _builder_version=&#8221;3.19.17&#8243;][et_pb_column type=&#8221;3_4&#8243; specialty_columns=&#8221;3&#8243;][et_pb_row_inner admin_label=&#8221;Riga&#8221; _builder_version=&#8221;3.19.17&#8243; custom_margin=&#8221;-50px|||&#8221;][et_pb_column_inner type=&#8221;1_2&#8243; saved_specialty_column_type=&#8221;3_4&#8243;][et_pb_text admin_label=&#8221;Immagine&#8221; _builder_version=&#8221;3.0.105&#8243; background_layout=&#8221;light&#8221; module_id=&#8221;immagineprodotto&#8221; header_text_align=&#8221;left&#8221;] [\/et_pb_text][et_pb_post_title admin_label=&#8221;Titolo del Post (nascosto x generare TAG H1)&#8221; _builder_version=&#8221;3.19.17&#8243; author=&#8221;off&#8221; date=&#8221;off&#8221; categories=&#8221;off&#8221; comments=&#8221;off&#8221; featured_image=&#8221;off&#8221; title_text_color=&#8221;#ffffff&#8221; saved_tabs=&#8221;all&#8221; \/][\/et_pb_column_inner][et_pb_column_inner type=&#8221;1_2&#8243; saved_specialty_column_type=&#8221;3_4&#8243;][et_pb_text admin_label=&#8221;Variet\u00e0&#8221; _builder_version=&#8221;3.19.17&#8243; text_font=&#8221;|||on|||||&#8221; text_text_color=&#8221;#0ce509&#8243; text_font_size=&#8221;18px&#8221; module_id=&#8221;varietaprodotto&#8221;] [\/et_pb_text][et_pb_text admin_label=&#8221;Brevetto&#8221; _builder_version=&#8221;3.19.17&#8243; border_style=&#8221;solid&#8221; text_font=&#8221;||on||&#8221; border_color=&#8221;#232323&#8243; border_width=&#8221;2px&#8221; module_alignment=&#8221;center&#8221; module_id=&#8221;brevettoprodotto&#8221;] [\/et_pb_text][et_pb_text _builder_version=&#8221;3.19.17&#8243; background_layout=&#8221;light&#8221; border_style=&#8221;solid&#8221; [&hellip;]<\/p>\n","protected":false},"author":1,"featured_media":0,"parent":0,"menu_order":0,"comment_status":"closed","ping_status":"closed","template":"","meta":{"_et_pb_use_builder":"on","_et_pb_old_content":""},"acf":[],"_links":{"self":[{"href":"https:\/\/www.coviro.it\/de\/wp-json\/wp\/v2\/pages\/9402"}],"collection":[{"href":"https:\/\/www.coviro.it\/de\/wp-json\/wp\/v2\/pages"}],"about":[{"href":"https:\/\/www.coviro.it\/de\/wp-json\/wp\/v2\/types\/page"}],"author":[{"embeddable":true,"href":"https:\/\/www.coviro.it\/de\/wp-json\/wp\/v2\/users\/1"}],"replies":[{"embeddable":true,"href":"https:\/\/www.coviro.it\/de\/wp-json\/wp\/v2\/comments?post=9402"}],"version-history":[{"count":1,"href":"https:\/\/www.coviro.it\/de\/wp-json\/wp\/v2\/pages\/9402\/revisions"}],"predecessor-version":[{"id":9589,"href":"https:\/\/www.coviro.it\/de\/wp-json\/wp\/v2\/pages\/9402\/revisions\/9589"}],"wp:attachment":[{"href":"https:\/\/www.coviro.it\/de\/wp-json\/wp\/v2\/media?parent=9402"}],"curies":[{"name":"wp","href":"https:\/\/api.w.org\/{rel}","templated":true}]}}